{"id":699,"date":"2019-07-05T14:00:42","date_gmt":"2019-07-05T14:00:42","guid":{"rendered":"http:\/\/recomparedemo.wpsoul.net\/?page_id=644"},"modified":"2026-04-16T11:02:40","modified_gmt":"2026-04-16T11:02:40","slug":"homepage-recompare","status":"publish","type":"page","link":"https:\/\/www.dashcamdrive.fr\/","title":{"rendered":"Accueil"},"content":{"rendered":"<h1 style=\"text-align: center;\">Les 5 Meilleures Dashcams 2026 \u2013 Comparatif &amp; Avis<\/h1>\n<p style=\"text-align: center; font-size: 18px;\">Comparez les meilleures dashcams avant, arri\u00e8re et 4K. Trouvez le mod\u00e8le id\u00e9al pour votre voiture.<\/p>\n<div style=\"text-align: center; margin: 25px;\"><a style=\"background-color: #ff6600; color: white; padding: 15px 30px; text-decoration: none; font-size: 18px; border-radius: 6px;\" href=\"https:\/\/amzn.to\/TON-LIEN\" target=\"_blank\" rel=\"noopener\"><br \/>\nVoir les meilleures dashcams sur Amazon<br \/>\n<\/a><\/div>\n<hr \/>\n<h2 style=\"text-align: center;\">\ud83d\udd25 Top 3 des meilleures dashcams<\/h2>\n<div style=\"display: flex; justify-content: space-around; flex-wrap: wrap;\">\n<!-- Produit 1 --><\/p>\n<div style=\"width: 30%; min-width: 250px; border: 1px solid #ddd; padding: 15px; margin: 10px; text-align: center;\">\n<a href=\"https:\/\/amzn.to\/4cwtHDd\" target=\"_blank\"><br \/>\n  <img decoding=\"async\" src=\"https:\/\/www.dashcamdrive.fr\/wp-content\/uploads\/2026\/04\/31aSO-u6o8L._AC_.jpg\" style=\"max-width:100%; height:auto;\"><br \/>\n<\/a><\/p>\n<h3>70mai Dash Cam 1S<\/h3>\n<p>\u2b50\u2b50\u2b50\u2b50\u2b50<\/p>\n<p>\n\u2714\ufe0f Prix abordable<br \/>\n\u2714\ufe0f Installation facile<br \/>\n\u2714\ufe0f Bonne qualit\u00e9 vid\u00e9o\n<\/p>\n<p><a href=\"https:\/\/amzn.to\/4cwtHDd\" target=\"_blank\"\nstyle=\"background-color:#ff6600; color:white; padding:10px 20px; text-decoration:none; display:inline-block; margin-top:10px;\"><br \/>\nVoir sur Amazon<br \/>\n<\/a><\/p>\n<\/div>\n<p><!-- Produit 2 --><\/p>\n<div style=\"width: 30%; min-width: 250px; border: 1px solid #ddd; padding: 15px; margin: 10px; text-align: center;\">\n<a href=\"https:\/\/amzn.to\/42bnkAk\" target=\"_blank\"><br \/>\n  <img decoding=\"async\" src=\"https:\/\/www.dashcamdrive.fr\/wp-content\/uploads\/2026\/04\/41kCXYJ0YxL._AC_.jpg\" style=\"max-width:100%; height:auto;\"><br \/>\n<\/a><\/p>\n<h3>Nextbase 522GW<\/h3>\n<p>\u2b50\u2b50\u2b50\u2b50\u2b50<\/p>\n<p>\u2714\ufe0f GPS int\u00e9gr\u00e9<br \/>\n\u2714\ufe0f Tr\u00e8s fiable<br \/>\n\u2714\ufe0f Bonne qualit\u00e9 d\u2019image<\/p>\n<p><a style=\"background-color: #ff6600; color: white; padding: 10px 20px; text-decoration: none; display: inline-block; margin-top: 10px;\" href=\"https:\/\/amzn.to\/42bnkAk\" target=\"_blank\" rel=\"noopener\"><br \/>\nVoir sur Amazon<br \/>\n<\/a><\/p>\n<\/div>\n<p><!-- Produit 3 --><\/p>\n<div style=\"width: 30%; min-width: 250px; border: 1px solid #ddd; padding: 15px; margin: 10px; text-align: center;\"><img decoding=\"async\" style=\"max-width: 100%; height: auto;\" src=\"https:\/\/m.media-amazon.com\/images\/I\/71example3.jpg\" \/><\/p>\n<h3>Vantrue N4<\/h3>\n<p>\u2b50\u2b50\u2b50\u2b50\u2b50<\/p>\n<p>\u2714\ufe0f Triple cam\u00e9ra<br \/>\n\u2714\ufe0f Id\u00e9al s\u00e9curit\u00e9<br \/>\n\u2714\ufe0f Tr\u00e8s complet<\/p>\n<p><a style=\"background-color: #ff6600; color: white; padding: 10px 20px; text-decoration: none; display: inline-block; margin-top: 10px;\" href=\"https:\/\/amzn.to\/TON-LIEN\" target=\"_blank\" rel=\"noopener\"><br \/>\nVoir sur Amazon<br \/>\n<\/a><\/p>\n<\/div>\n<\/div>\n<hr \/>\n<p style=\"text-align: center; font-size: 18px;\">\ud83d\udc49 <a href=\"#\">Voir le comparatif complet des 5 meilleures dashcams<\/a><\/\n<\/p>\n","protected":false},"excerpt":{"rendered":"<p>Les 5 Meilleures Dashcams 2026 \u2013 Comparatif &amp; Avis Comparez les meilleures dashcams avant, arri\u00e8re et 4K. Trouvez le mod\u00e8le id\u00e9al pour votre voiture. Voir les meilleures dashcams sur Amazon \ud83d\udd25 Top 3 des meilleures dashcams 70mai Dash Cam 1S \u2b50\u2b50\u2b50\u2b50\u2b50 \u2714\ufe0f Prix abordable \u2714\ufe0f Installation facile \u2714\ufe0f Bonne qualit\u00e9 vid\u00e9o Voir sur Amazon Nextbase [&hellip;]<\/p>\n","protected":false},"author":1,"featured_media":0,"parent":0,"menu_order":0,"comment_status":"closed","ping_status":"closed","template":"","meta":{"footnotes":""},"class_list":["post-699","page","type-page","status-publish","hentry"],"_links":{"self":[{"href":"https:\/\/www.dashcamdrive.fr\/index.php\/wp-json\/wp\/v2\/pages\/699","targetHints":{"allow":["GET"]}}],"collection":[{"href":"https:\/\/www.dashcamdrive.fr\/index.php\/wp-json\/wp\/v2\/pages"}],"about":[{"href":"https:\/\/www.dashcamdrive.fr\/index.php\/wp-json\/wp\/v2\/types\/page"}],"author":[{"embeddable":true,"href":"https:\/\/www.dashcamdrive.fr\/index.php\/wp-json\/wp\/v2\/users\/1"}],"replies":[{"embeddable":true,"href":"https:\/\/www.dashcamdrive.fr\/index.php\/wp-json\/wp\/v2\/comments?post=699"}],"version-history":[{"count":41,"href":"https:\/\/www.dashcamdrive.fr\/index.php\/wp-json\/wp\/v2\/pages\/699\/revisions"}],"predecessor-version":[{"id":1188,"href":"https:\/\/www.dashcamdrive.fr\/index.php\/wp-json\/wp\/v2\/pages\/699\/revisions\/1188"}],"wp:attachment":[{"href":"https:\/\/www.dashcamdrive.fr\/index.php\/wp-json\/wp\/v2\/media?parent=699"}],"curies":[{"name":"wp","href":"https:\/\/api.w.org\/{rel}","templated":true}]}}